{"id":4130,"date":"2023-12-21T12:59:59","date_gmt":"2023-12-21T12:59:59","guid":{"rendered":"https:\/\/thedolcegroup.wpenginepowered.com\/?page_id=4130"},"modified":"2025-09-22T14:40:29","modified_gmt":"2025-09-22T14:40:29","slug":"informations-sur-lautorisation-dexercer-dans-letat","status":"publish","type":"page","link":"https:\/\/thedocegroup.com\/fr\/state-licensing-information\/","title":{"rendered":"Informations sur les licences d'\u00c9tat"},"content":{"rendered":"<div data-elementor-type=\"wp-page\" data-elementor-id=\"4130\" class=\"elementor elementor-4130\" data-elementor-post-type=\"page\">\n\t\t\t\t\t\t<section class=\"elementor-section elementor-top-section elementor-element elementor-element-2a61e58 elementor-section-full_width elementor-section-height-default elementor-section-height-default\" data-id=\"2a61e58\" data-element_type=\"section\" data-e-type=\"section\" data-settings=\"{&quot;background_background&quot;:&quot;classic&quot;}\">\n\t\t\t\t\t\t<div class=\"elementor-container elementor-column-gap-default\">\n\t\t\t\t\t<div class=\"elementor-column elementor-col-100 elementor-top-column elementor-element elementor-element-a24f35a\" data-id=\"a24f35a\" data-element_type=\"column\" data-e-type=\"column\">\n\t\t\t<div class=\"elementor-widget-wrap elementor-element-populated\">\n\t\t\t\t\t\t<div class=\"elementor-element elementor-element-9465311 elementor-widget elementor-widget-heading\" data-id=\"9465311\" data-element_type=\"widget\" data-e-type=\"widget\" data-widget_type=\"heading.default\">\n\t\t\t\t<div class=\"elementor-widget-container\">\n\t\t\t\t\t<h2 class=\"elementor-heading-title elementor-size-default\">Informations sur les licences d'\u00c9tat\n<\/h2>\t\t\t\t<\/div>\n\t\t\t\t<\/div>\n\t\t\t\t<div class=\"elementor-element elementor-element-bed39ae elementor-widget elementor-widget-text-editor\" data-id=\"bed39ae\" data-element_type=\"widget\" data-e-type=\"widget\" data-widget_type=\"text-editor.default\">\n\t\t\t\t<div class=\"elementor-widget-container\">\n\t\t\t\t\t\t\t\t\t<p><a style=\"color: white;\" href=\"https:\/\/thedocegroup.com\/\">Accueil<\/a>\u00a0 \u00a0 Informations sur les licences d'\u00c9tat<\/p>\t\t\t\t\t\t\t\t<\/div>\n\t\t\t\t<\/div>\n\t\t\t\t\t<\/div>\n\t\t<\/div>\n\t\t\t\t\t<\/div>\n\t\t<\/section>\n\t\t\t\t<section class=\"elementor-section elementor-top-section elementor-element elementor-element-2e3ef225 elementor-section-boxed elementor-section-height-default elementor-section-height-default\" data-id=\"2e3ef225\" data-element_type=\"section\" data-e-type=\"section\">\n\t\t\t\t\t\t<div class=\"elementor-container elementor-column-gap-default\">\n\t\t\t\t\t<div class=\"elementor-column elementor-col-100 elementor-top-column elementor-element elementor-element-7ee395f0\" data-id=\"7ee395f0\" data-element_type=\"column\" data-e-type=\"column\">\n\t\t\t<div class=\"elementor-widget-wrap elementor-element-populated\">\n\t\t\t\t\t\t<div class=\"elementor-element elementor-element-ef96c3d elementor-widget elementor-widget-spacer\" data-id=\"ef96c3d\" data-element_type=\"widget\" data-e-type=\"widget\" data-widget_type=\"spacer.default\">\n\t\t\t\t<div class=\"elementor-widget-container\">\n\t\t\t\t\t\t\t<div class=\"elementor-spacer\">\n\t\t\t<div class=\"elementor-spacer-inner\"><\/div>\n\t\t<\/div>\n\t\t\t\t\t\t<\/div>\n\t\t\t\t<\/div>\n\t\t\t\t<div class=\"elementor-element elementor-element-3f90bc3c elementor-widget elementor-widget-text-editor\" data-id=\"3f90bc3c\" data-element_type=\"widget\" data-e-type=\"widget\" id=\"color-change\" data-widget_type=\"text-editor.default\">\n\t\t\t\t<div class=\"elementor-widget-container\">\n\t\t\t\t\t\t\t\t\t\n<p><div id=\"footable_parent_4121\"\n         class=\"footable_parent ninja_table_wrapper loading_ninja_table wp_table_data_press_parent semantic_ui\">\n                <table data-ninja_table_instance=\"ninja_table_instance_0\" data-footable_id=\"4121\" data-filter-delay=\"1000\" aria-label=\"Informations sur les licences d&#039;\u00c9tat\"            id=\"footable_4121\"\n           data-unique_identifier=\"ninja_table_unique_id_3415013836_4121\"\n           class=\"foo-table ninja_footable foo_table_4121 ninja_table_unique_id_3415013836_4121 ui table  nt_type_ajax_table selectable striped vertical_centered  footable-paging-right\">\n                <colgroup>\n                            <col class=\"ninja_column_0\">\n                            <col class=\"ninja_column_1\">\n                            <col class=\"ninja_column_2\">\n                            <col class=\"ninja_column_3\">\n                            <col class=\"ninja_column_4\">\n                    <\/colgroup>\n            <\/table>\n    \n    \n    \n<\/div>\n<\/p>\n\t\t\t\t\t\t\t\t<\/div>\n\t\t\t\t<\/div>\n\t\t\t\t<div class=\"elementor-element elementor-element-2b2bdc0 elementor-widget elementor-widget-text-editor\" data-id=\"2b2bdc0\" data-element_type=\"widget\" data-e-type=\"widget\" data-widget_type=\"text-editor.default\">\n\t\t\t\t<div class=\"elementor-widget-container\">\n\t\t\t\t\t\t\t\t\t<p><strong>First Community Mortgage, Inc, NMLS # 629700, propose et g\u00e8re des pr\u00eats hypoth\u00e9caires dans d'autres \u00c9tats. Veuillez discuter de votre \u00e9tat particulier avec un initiateur de pr\u00eat du Doce Group. Doce Group ou appelez le <a style=\"color: #12ca59;\" href=\"tel:1-800-696-\">1-800-696-<\/a>SAVE pour plus d'informations. Les \u00c9tats \u00e9num\u00e9r\u00e9s ci-dessus ont des exigences sp\u00e9cifiques en mati\u00e8re de licence. First Community Mortgage ne pr\u00eate pas et n'octroie pas de pr\u00eats hypoth\u00e9caires en Alaska, \u00e0 Hawa\u00ef, dans le New Jersey ou dans l'\u00c9tat de New York. Les informations ci-dessus sont valables \u00e0 partir du 27 juillet 2021.<\/strong><\/p>\t\t\t\t\t\t\t\t<\/div>\n\t\t\t\t<\/div>\n\t\t\t\t<div class=\"elementor-element elementor-element-1c74651 elementor-widget elementor-widget-heading\" data-id=\"1c74651\" data-element_type=\"widget\" data-e-type=\"widget\" id=\"text-size\" data-widget_type=\"heading.default\">\n\t\t\t\t<div class=\"elementor-widget-container\">\n\t\t\t\t\t<h1 class=\"elementor-heading-title elementor-size-default\"><h1 style=\"font-size: 30px !important;font-weight: 700\">First Community Mortgage est exempt\u00e9e de licence dans les \u00c9tats suivants :<\/h1><\/h1>\t\t\t\t<\/div>\n\t\t\t\t<\/div>\n\t\t\t\t<div class=\"elementor-element elementor-element-a559538 elementor-widget elementor-widget-html\" data-id=\"a559538\" data-element_type=\"widget\" data-e-type=\"widget\" data-widget_type=\"html.default\">\n\t\t\t\t<div class=\"elementor-widget-container\">\n\t\t\t\t\t<div id=\"footable_parent_4123\"\n         class=\"footable_parent ninja_table_wrapper loading_ninja_table wp_table_data_press_parent semantic_ui\">\n                <table data-ninja_table_instance=\"ninja_table_instance_1\" data-footable_id=\"4123\" data-filter-delay=\"1000\" aria-label=\"Tableau 2\"            id=\"footable_4123\"\n           data-unique_identifier=\"ninja_table_unique_id_3953642038_4123\"\n           class=\"foo-table ninja_footable foo_table_4123 ninja_table_unique_id_3953642038_4123 ui table  nt_type_ajax_table selectable striped vertical_centered  footable-paging-right\">\n                <colgroup>\n                            <col class=\"ninja_column_0\">\n                            <col class=\"ninja_column_1\">\n                            <col class=\"ninja_column_2\">\n                            <col class=\"ninja_column_3\">\n                            <col class=\"ninja_column_4\">\n                    <\/colgroup>\n            <\/table>\n    \n    \n    \n<\/div>\n\t\t\t\t<\/div>\n\t\t\t\t<\/div>\n\t\t\t\t\t<\/div>\n\t\t<\/div>\n\t\t\t\t\t<\/div>\n\t\t<\/section>\n\t\t\t\t<section class=\"elementor-section elementor-top-section elementor-element elementor-element-c508118 elementor-section-boxed elementor-section-height-default elementor-section-height-default\" data-id=\"c508118\" data-element_type=\"section\" data-e-type=\"section\">\n\t\t\t\t\t\t<div class=\"elementor-container elementor-column-gap-default\">\n\t\t\t\t\t<div class=\"elementor-column elementor-col-100 elementor-top-column elementor-element elementor-element-3f2a14a\" data-id=\"3f2a14a\" data-element_type=\"column\" data-e-type=\"column\">\n\t\t\t<div class=\"elementor-widget-wrap elementor-element-populated\">\n\t\t\t\t\t\t<div class=\"elementor-element elementor-element-7bc1a16 elementor-widget elementor-widget-spacer\" data-id=\"7bc1a16\" data-element_type=\"widget\" data-e-type=\"widget\" data-widget_type=\"spacer.default\">\n\t\t\t\t<div class=\"elementor-widget-container\">\n\t\t\t\t\t\t\t<div class=\"elementor-spacer\">\n\t\t\t<div class=\"elementor-spacer-inner\"><\/div>\n\t\t<\/div>\n\t\t\t\t\t\t<\/div>\n\t\t\t\t<\/div>\n\t\t\t\t\t<\/div>\n\t\t<\/div>\n\t\t\t\t\t<\/div>\n\t\t<\/section>\n\t\t\t\t<\/div>","protected":false},"excerpt":{"rendered":"<p>State Licensing Information Home\u00a0 \u00a0 State Licensing Information First Community Mortgage, Inc., NMLS # 629700, does originate and service mortgages in additional states. Please discuss your particular state with a Doce Group. Doce Group Loan Originator or call 1-800-696-SAVE for more information. The states listed above have specific licensing requirements. First Community Mortgage does not [&hellip;]<\/p>\n","protected":false},"author":3,"featured_media":0,"parent":0,"menu_order":0,"comment_status":"closed","ping_status":"closed","template":"","meta":{"inline_featured_image":false,"_monsterinsights_skip_tracking":false,"_monsterinsights_sitenote_active":false,"_monsterinsights_sitenote_note":"","_monsterinsights_sitenote_category":0,"_uf_show_specific_survey":0,"_uf_disable_surveys":false,"footnotes":""},"class_list":["post-4130","page","type-page","status-publish","hentry"],"aioseo_notices":[],"aioseo_head":"\n\t\t<!-- All in One SEO Pro 4.9.6.2 - aioseo.com -->\n\t<meta name=\"description\" content=\"Explore state licensing information with The Doce Group. Find resources for licensing requirements in various states. Partner with us for expert guidance.\" \/>\n\t<meta name=\"robots\" content=\"max-snippet:-1, max-image-preview:large, max-video-preview:-1\" \/>\n\t<meta name=\"msvalidate.01\" content=\"97393A469A1D93D0530868540B2A722C\" \/>\n\t<link rel=\"canonical\" href=\"https:\/\/thedocegroup.com\/state-licensing-information\/\" \/>\n\t<meta name=\"generator\" content=\"All in One SEO Pro (AIOSEO) 4.9.6.2\" \/>\n\n\t\t<meta name=\"google-site-verification\" content=\"ogPQkORuyGEA7lHBymDTpWeOMOtkskHQROUJWsZOwWo\" \/>\n\t\t<meta property=\"og:locale\" content=\"fr_FR\" \/>\n\t\t<meta property=\"og:site_name\" content=\"The Doce Mortgage Group - Your Reliable Partner in Home Ownership\" \/>\n\t\t<meta property=\"og:type\" content=\"article\" \/>\n\t\t<meta property=\"og:title\" content=\"State Licensing Information | The Doce Group\" \/>\n\t\t<meta property=\"og:description\" content=\"Explore state licensing information with The Doce Group. Find resources for licensing requirements in various states. Partner with us for expert guidance.\" \/>\n\t\t<meta property=\"og:url\" content=\"https:\/\/thedocegroup.com\/state-licensing-information\/\" \/>\n\t\t<meta property=\"og:image\" content=\"https:\/\/thedocegroup.com\/wp-content\/uploads\/2021\/09\/Doce-Group-logo.svg\" \/>\n\t\t<meta property=\"og:image:secure_url\" content=\"https:\/\/thedocegroup.com\/wp-content\/uploads\/2021\/09\/Doce-Group-logo.svg\" \/>\n\t\t<meta property=\"article:published_time\" content=\"2023-12-21T12:59:59+00:00\" \/>\n\t\t<meta property=\"article:modified_time\" content=\"2025-09-22T14:40:29+00:00\" \/>\n\t\t<meta property=\"article:publisher\" content=\"https:\/\/www.facebook.com\/mortgagesbyalex\/\" \/>\n\t\t<meta name=\"twitter:card\" content=\"summary_large_image\" \/>\n\t\t<meta name=\"twitter:site\" content=\"@alexdoce\" \/>\n\t\t<meta name=\"twitter:title\" content=\"State Licensing Information | The Doce Group\" \/>\n\t\t<meta name=\"twitter:description\" content=\"Explore state licensing information with The Doce Group. Find resources for licensing requirements in various states. Partner with us for expert guidance.\" \/>\n\t\t<meta name=\"twitter:creator\" content=\"@alexdoce\" \/>\n\t\t<meta name=\"twitter:image\" content=\"https:\/\/thedocegroup.com\/wp-content\/uploads\/2021\/09\/Doce-Group-logo.svg\" \/>\n\t\t<script type=\"application\/ld+json\" class=\"aioseo-schema\">\n\t\t\t{\"@context\":\"https:\\\/\\\/schema.org\",\"@graph\":[{\"@type\":\"BreadcrumbList\",\"@id\":\"https:\\\/\\\/thedocegroup.com\\\/fr\\\/state-licensing-information\\\/#breadcrumblist\",\"itemListElement\":[{\"@type\":\"ListItem\",\"@id\":\"https:\\\/\\\/thedocegroup.com\\\/fr#listItem\",\"position\":1,\"name\":\"Home\",\"item\":\"https:\\\/\\\/thedocegroup.com\\\/fr\",\"nextItem\":{\"@type\":\"ListItem\",\"@id\":\"https:\\\/\\\/thedocegroup.com\\\/fr\\\/state-licensing-information\\\/#listItem\",\"name\":\"State Licensing Information\"}},{\"@type\":\"ListItem\",\"@id\":\"https:\\\/\\\/thedocegroup.com\\\/fr\\\/state-licensing-information\\\/#listItem\",\"position\":2,\"name\":\"State Licensing Information\",\"previousItem\":{\"@type\":\"ListItem\",\"@id\":\"https:\\\/\\\/thedocegroup.com\\\/fr#listItem\",\"name\":\"Home\"}}]},{\"@type\":\"Organization\",\"@id\":\"https:\\\/\\\/thedocegroup.com\\\/fr\\\/#organization\",\"name\":\"The Doce Mortgage Group\",\"description\":\"Your Reliable Partner in Home Ownership\",\"url\":\"https:\\\/\\\/thedocegroup.com\\\/fr\\\/\",\"telephone\":\"+13056613434\",\"foundingDate\":\"1987-11-01\",\"numberOfEmployees\":{\"@type\":\"QuantitativeValue\",\"minValue\":0,\"maxValue\":10},\"logo\":{\"@type\":\"ImageObject\",\"url\":\"https:\\\/\\\/thedocegroup.com\\\/wp-content\\\/uploads\\\/2021\\\/09\\\/Doce-Group-logo.svg\",\"@id\":\"https:\\\/\\\/thedocegroup.com\\\/fr\\\/state-licensing-information\\\/#organizationLogo\",\"width\":3111,\"height\":1101},\"image\":{\"@id\":\"https:\\\/\\\/thedocegroup.com\\\/fr\\\/state-licensing-information\\\/#organizationLogo\"},\"sameAs\":[\"https:\\\/\\\/www.facebook.com\\\/mortgagesbyalex\\\/\",\"https:\\\/\\\/twitter.com\\\/alexdoce?lang=en\",\"https:\\\/\\\/www.linkedin.com\\\/in\\\/alexdoce\\\/\",\"https:\\\/\\\/www.yelp.com\\\/biz\\\/alex-doce-the-doce-group-fort-lauderdale-4?sort_by=rating_desc\"],\"address\":{\"@id\":\"https:\\\/\\\/thedocegroup.com\\\/fr\\\/#postaladdress\",\"@type\":\"PostalAddress\",\"streetAddress\":\"2708 NE 37th Drive,\",\"postalCode\":\"33308\",\"addressLocality\":\"Fort Lauderdale\",\"addressRegion\":\"Florida\",\"addressCountry\":\"US\"}},{\"@type\":\"WebPage\",\"@id\":\"https:\\\/\\\/thedocegroup.com\\\/fr\\\/state-licensing-information\\\/#webpage\",\"url\":\"https:\\\/\\\/thedocegroup.com\\\/fr\\\/state-licensing-information\\\/\",\"name\":\"State Licensing Information | The Doce Group\",\"description\":\"Explore state licensing information with The Doce Group. Find resources for licensing requirements in various states. Partner with us for expert guidance.\",\"inLanguage\":\"fr-FR\",\"isPartOf\":{\"@id\":\"https:\\\/\\\/thedocegroup.com\\\/fr\\\/#website\"},\"breadcrumb\":{\"@id\":\"https:\\\/\\\/thedocegroup.com\\\/fr\\\/state-licensing-information\\\/#breadcrumblist\"},\"datePublished\":\"2023-12-21T12:59:59+00:00\",\"dateModified\":\"2025-09-22T14:40:29+00:00\"},{\"@type\":\"WebSite\",\"@id\":\"https:\\\/\\\/thedocegroup.com\\\/fr\\\/#website\",\"url\":\"https:\\\/\\\/thedocegroup.com\\\/fr\\\/\",\"name\":\"The Doce Mortgage Group\",\"alternateName\":\"The Doce Mortgage Group\",\"description\":\"Your Reliable Partner in Home Ownership\",\"inLanguage\":\"fr-FR\",\"publisher\":{\"@id\":\"https:\\\/\\\/thedocegroup.com\\\/fr\\\/#organization\"}}]}\n\t\t<\/script>\n\t\t<!-- All in One SEO Pro -->\r\n\t\t<title>State Licensing Information | The Doce Group<\/title>\n\n","aioseo_head_json":{"title":"Informations sur les licences d'\u00c9tat | The Doce Group","description":"Explorez les informations sur les licences d'\u00c9tat avec The Doce Group. Trouvez des ressources sur les conditions d'obtention d'une licence dans diff\u00e9rents \u00c9tats. Faites appel \u00e0 nos services pour obtenir des conseils d'experts.","canonical_url":"https:\/\/thedocegroup.com\/state-licensing-information\/","robots":"max-snippet:-1, max-image-preview:large, max-video-preview:-1","keywords":"","webmasterTools":{"msvalidate.01":"97393A469A1D93D0530868540B2A722C","miscellaneous":"&lt;meta name=\"google-site-verification\" content=\"ogPQkORuyGEA7lHBymDTpWeOMOtkskHQROUJWsZOwWo\" \/&gt;"},"schema":{"@context":"https:\/\/schema.org","@graph":[{"@type":"BreadcrumbList","@id":"https:\/\/thedocegroup.com\/fr\/state-licensing-information\/#breadcrumblist","itemListElement":[{"@type":"ListItem","@id":"https:\/\/thedocegroup.com\/fr#listItem","position":1,"name":"Home","item":"https:\/\/thedocegroup.com\/fr","nextItem":{"@type":"ListItem","@id":"https:\/\/thedocegroup.com\/fr\/state-licensing-information\/#listItem","name":"State Licensing Information"}},{"@type":"ListItem","@id":"https:\/\/thedocegroup.com\/fr\/state-licensing-information\/#listItem","position":2,"name":"State Licensing Information","previousItem":{"@type":"ListItem","@id":"https:\/\/thedocegroup.com\/fr#listItem","name":"Home"}}]},{"@type":"Organization","@id":"https:\/\/thedocegroup.com\/fr\/#organization","name":"The Doce Mortgage Group","description":"Your Reliable Partner in Home Ownership","url":"https:\/\/thedocegroup.com\/fr\/","telephone":"+13056613434","foundingDate":"1987-11-01","numberOfEmployees":{"@type":"QuantitativeValue","minValue":0,"maxValue":10},"logo":{"@type":"ImageObject","url":"https:\/\/thedocegroup.com\/wp-content\/uploads\/2021\/09\/Doce-Group-logo.svg","@id":"https:\/\/thedocegroup.com\/fr\/state-licensing-information\/#organizationLogo","width":3111,"height":1101},"image":{"@id":"https:\/\/thedocegroup.com\/fr\/state-licensing-information\/#organizationLogo"},"sameAs":["https:\/\/www.facebook.com\/mortgagesbyalex\/","https:\/\/twitter.com\/alexdoce?lang=en","https:\/\/www.linkedin.com\/in\/alexdoce\/","https:\/\/www.yelp.com\/biz\/alex-doce-the-doce-group-fort-lauderdale-4?sort_by=rating_desc"],"address":{"@id":"https:\/\/thedocegroup.com\/fr\/#postaladdress","@type":"PostalAddress","streetAddress":"2708 NE 37th Drive,","postalCode":"33308","addressLocality":"Fort Lauderdale","addressRegion":"Florida","addressCountry":"US"}},{"@type":"WebPage","@id":"https:\/\/thedocegroup.com\/fr\/state-licensing-information\/#webpage","url":"https:\/\/thedocegroup.com\/fr\/state-licensing-information\/","name":"State Licensing Information | The Doce Group","description":"Explore state licensing information with The Doce Group. Find resources for licensing requirements in various states. Partner with us for expert guidance.","inLanguage":"fr-FR","isPartOf":{"@id":"https:\/\/thedocegroup.com\/fr\/#website"},"breadcrumb":{"@id":"https:\/\/thedocegroup.com\/fr\/state-licensing-information\/#breadcrumblist"},"datePublished":"2023-12-21T12:59:59+00:00","dateModified":"2025-09-22T14:40:29+00:00"},{"@type":"WebSite","@id":"https:\/\/thedocegroup.com\/fr\/#website","url":"https:\/\/thedocegroup.com\/fr\/","name":"The Doce Mortgage Group","alternateName":"The Doce Mortgage Group","description":"Your Reliable Partner in Home Ownership","inLanguage":"fr-FR","publisher":{"@id":"https:\/\/thedocegroup.com\/fr\/#organization"}}]},"og:locale":"fr_FR","og:site_name":"The Doce Mortgage Group - Your Reliable Partner in Home Ownership","og:type":"article","og:title":"State Licensing Information | The Doce Group","og:description":"Explore state licensing information with The Doce Group. Find resources for licensing requirements in various states. Partner with us for expert guidance.","og:url":"https:\/\/thedocegroup.com\/state-licensing-information\/","og:image":"https:\/\/thedocegroup.com\/wp-content\/uploads\/2021\/09\/Doce-Group-logo.svg","og:image:secure_url":"https:\/\/thedocegroup.com\/wp-content\/uploads\/2021\/09\/Doce-Group-logo.svg","article:published_time":"2023-12-21T12:59:59+00:00","article:modified_time":"2025-09-22T14:40:29+00:00","article:publisher":"https:\/\/www.facebook.com\/mortgagesbyalex\/","twitter:card":"summary_large_image","twitter:site":"@alexdoce","twitter:title":"State Licensing Information | The Doce Group","twitter:description":"Explore state licensing information with The Doce Group. Find resources for licensing requirements in various states. Partner with us for expert guidance.","twitter:creator":"@alexdoce","twitter:image":"https:\/\/thedocegroup.com\/wp-content\/uploads\/2021\/09\/Doce-Group-logo.svg"},"aioseo_meta_data":{"post_id":"4130","title":"Informations sur les licences d'\u00c9tat | The Doce Group","description":"Explorez les informations sur les licences d'\u00c9tat avec The Doce Group. Trouvez des ressources sur les conditions d'obtention d'une licence dans diff\u00e9rents \u00c9tats. Faites appel \u00e0 nos services pour obtenir des conseils d'experts.","keywords":null,"keyphrases":{"focus":{"keyphrase":"State Licensing Information","score":100,"analysis":{"keyphraseInTitle":{"score":9,"maxScore":9,"error":0},"keyphraseInDescription":{"score":9,"maxScore":9,"error":0},"keyphraseLength":{"score":9,"maxScore":9,"error":0,"length":3},"keyphraseInURL":{"score":5,"maxScore":5,"error":0},"keyphraseInIntroduction":{"score":9,"maxScore":9,"error":0},"keyphraseInSubHeadings":[],"keyphraseInImageAlt":[],"keywordDensity":{"type":"best","score":9,"maxScore":9,"error":0}}},"additional":[]},"primary_term":null,"canonical_url":"https:\/\/thedocegroup.com\/state-licensing-information\/","og_title":null,"og_description":null,"og_object_type":"default","og_image_type":"default","og_image_url":null,"og_image_width":null,"og_image_height":null,"og_image_custom_url":null,"og_image_custom_fields":null,"og_video":"","og_custom_url":null,"og_article_section":null,"og_article_tags":null,"twitter_use_og":false,"twitter_card":"default","twitter_image_type":"default","twitter_image_url":null,"twitter_image_custom_url":null,"twitter_image_custom_fields":null,"twitter_title":null,"twitter_description":null,"schema":{"blockGraphs":[],"customGraphs":[],"default":{"data":{"Article":[],"Course":[],"Dataset":[],"FAQPage":[],"Movie":[],"Person":[],"Product":[],"ProductReview":[],"Car":[],"Recipe":[],"Service":[],"SoftwareApplication":[],"WebPage":[]},"graphName":"WebPage","isEnabled":true},"graphs":[]},"schema_type":"default","schema_type_options":null,"pillar_content":false,"robots_default":true,"robots_noindex":false,"robots_noarchive":false,"robots_nosnippet":false,"robots_nofollow":false,"robots_noimageindex":false,"robots_noodp":false,"robots_notranslate":false,"robots_max_snippet":"-1","robots_max_videopreview":"-1","robots_max_imagepreview":"large","priority":null,"frequency":"default","local_seo":null,"seo_analyzer_scan_date":"2026-04-28 07:28:15","breadcrumb_settings":null,"limit_modified_date":false,"reviewed_by":"0","open_ai":"{\"title\":{\"suggestions\":[],\"usage\":0},\"description\":{\"suggestions\":[],\"usage\":0}}","ai":{"faqs":[],"keyPoints":[],"titles":[],"descriptions":[],"socialPosts":{"email":[],"linkedin":[],"twitter":[],"facebook":[],"instagram":[]}},"created":"2024-01-27 14:50:57","updated":"2026-04-28 07:28:15"},"aioseo_breadcrumb":"<div class=\"aioseo-breadcrumbs\"><span class=\"aioseo-breadcrumb\">\n\t<a href=\"https:\/\/thedocegroup.com\/fr\" title=\"Home\">Home<\/a>\n<\/span><span class=\"aioseo-breadcrumb-separator\">\u00bb<\/span><span class=\"aioseo-breadcrumb\">\n\tState Licensing Information\n<\/span><\/div>","aioseo_breadcrumb_json":[{"label":"Home","link":"https:\/\/thedocegroup.com\/fr"},{"label":"State Licensing Information","link":"https:\/\/thedocegroup.com\/fr\/state-licensing-information\/"}],"_links":{"self":[{"href":"https:\/\/thedocegroup.com\/fr\/wp-json\/wp\/v2\/pages\/4130","targetHints":{"allow":["GET"]}}],"collection":[{"href":"https:\/\/thedocegroup.com\/fr\/wp-json\/wp\/v2\/pages"}],"about":[{"href":"https:\/\/thedocegroup.com\/fr\/wp-json\/wp\/v2\/types\/page"}],"author":[{"embeddable":true,"href":"https:\/\/thedocegroup.com\/fr\/wp-json\/wp\/v2\/users\/3"}],"replies":[{"embeddable":true,"href":"https:\/\/thedocegroup.com\/fr\/wp-json\/wp\/v2\/comments?post=4130"}],"version-history":[{"count":0,"href":"https:\/\/thedocegroup.com\/fr\/wp-json\/wp\/v2\/pages\/4130\/revisions"}],"wp:attachment":[{"href":"https:\/\/thedocegroup.com\/fr\/wp-json\/wp\/v2\/media?parent=4130"}],"curies":[{"name":"wp","href":"https:\/\/api.w.org\/{rel}","templated":true}]}}