{"id":6956,"date":"2025-02-10T13:14:48","date_gmt":"2025-02-10T13:14:48","guid":{"rendered":"https:\/\/thedocegroup.com\/?page_id=6956"},"modified":"2025-10-16T16:11:38","modified_gmt":"2025-10-16T16:11:38","slug":"nous-contacter-merci","status":"publish","type":"page","link":"https:\/\/thedocegroup.com\/fr\/contact-us-thank-you\/","title":{"rendered":"Merci de votre attention"},"content":{"rendered":"<div data-elementor-type=\"wp-page\" data-elementor-id=\"6956\" class=\"elementor elementor-6956\" data-elementor-post-type=\"page\">\n\t\t\t\t\t\t<section class=\"elementor-section elementor-top-section elementor-element elementor-element-0df6569 elementor-section-boxed elementor-section-height-default elementor-section-height-default\" data-id=\"0df6569\" data-element_type=\"section\" data-e-type=\"section\">\n\t\t\t\t\t\t<div class=\"elementor-container elementor-column-gap-default\">\n\t\t\t\t\t<div class=\"elementor-column elementor-col-100 elementor-top-column elementor-element elementor-element-adee3e5\" data-id=\"adee3e5\" data-element_type=\"column\" data-e-type=\"column\">\n\t\t\t<div class=\"elementor-widget-wrap elementor-element-populated\">\n\t\t\t\t\t\t<div class=\"elementor-element elementor-element-029b0ca elementor-widget elementor-widget-spacer\" data-id=\"029b0ca\" data-element_type=\"widget\" data-e-type=\"widget\" data-widget_type=\"spacer.default\">\n\t\t\t\t<div class=\"elementor-widget-container\">\n\t\t\t\t\t\t\t<div class=\"elementor-spacer\">\n\t\t\t<div class=\"elementor-spacer-inner\"><\/div>\n\t\t<\/div>\n\t\t\t\t\t\t<\/div>\n\t\t\t\t<\/div>\n\t\t\t\t\t<\/div>\n\t\t<\/div>\n\t\t\t\t\t<\/div>\n\t\t<\/section>\n\t\t\t\t<section class=\"elementor-section elementor-top-section elementor-element elementor-element-bb9b013 elementor-section-boxed elementor-section-height-default elementor-section-height-default\" data-id=\"bb9b013\" data-element_type=\"section\" data-e-type=\"section\">\n\t\t\t\t\t\t<div class=\"elementor-container elementor-column-gap-default\">\n\t\t\t\t\t<div class=\"elementor-column elementor-col-100 elementor-top-column elementor-element elementor-element-da30bfe\" data-id=\"da30bfe\" data-element_type=\"column\" data-e-type=\"column\" data-settings=\"{&quot;background_background&quot;:&quot;gradient&quot;}\">\n\t\t\t<div class=\"elementor-widget-wrap elementor-element-populated\">\n\t\t\t\t\t\t<div class=\"elementor-element elementor-element-8405f50 elementor-align-center elementor-icon-list--layout-traditional elementor-list-item-link-full_width elementor-widget elementor-widget-icon-list\" data-id=\"8405f50\" data-element_type=\"widget\" data-e-type=\"widget\" data-widget_type=\"icon-list.default\">\n\t\t\t\t<div class=\"elementor-widget-container\">\n\t\t\t\t\t\t\t<ul class=\"elementor-icon-list-items\">\n\t\t\t\t\t\t\t<li class=\"elementor-icon-list-item\">\n\t\t\t\t\t\t\t\t\t\t\t<span class=\"elementor-icon-list-icon\">\n\t\t\t\t\t\t\t<svg aria-hidden=\"true\" class=\"e-font-icon-svg e-fas-check-circle\" viewbox=\"0 0 512 512\" xmlns=\"http:\/\/www.w3.org\/2000\/svg\"><path d=\"M504 256c0 136.967-111.033 248-248 248S8 392.967 8 256 119.033 8 256 8s248 111.033 248 248zM227.314 387.314l184-184c6.248-6.248 6.248-16.379 0-22.627l-22.627-22.627c-6.248-6.249-16.379-6.249-22.628 0L216 308.118l-70.059-70.059c-6.248-6.248-16.379-6.248-22.628 0l-22.627 22.627c-6.248 6.248-6.248 16.379 0 22.627l104 104c6.249 6.249 16.379 6.249 22.628.001z\"><\/path><\/svg>\t\t\t\t\t\t<\/span>\n\t\t\t\t\t\t\t\t\t\t<span class=\"elementor-icon-list-text\">Merci d'avoir contact\u00e9 The Doce Mortgage Group !<\/span>\n\t\t\t\t\t\t\t\t\t<\/li>\n\t\t\t\t\t\t<\/ul>\n\t\t\t\t\t\t<\/div>\n\t\t\t\t<\/div>\n\t\t\t\t<section class=\"elementor-section elementor-inner-section elementor-element elementor-element-865773c elementor-section-boxed elementor-section-height-default elementor-section-height-default\" data-id=\"865773c\" data-element_type=\"section\" data-e-type=\"section\">\n\t\t\t\t\t\t<div class=\"elementor-container elementor-column-gap-default\">\n\t\t\t\t\t<div class=\"elementor-column elementor-col-100 elementor-inner-column elementor-element elementor-element-a0d7ebf\" data-id=\"a0d7ebf\" data-element_type=\"column\" data-e-type=\"column\">\n\t\t\t<div class=\"elementor-widget-wrap elementor-element-populated\">\n\t\t\t\t\t\t<div class=\"elementor-element elementor-element-be4d91d elementor-align-center elementor-icon-list--layout-traditional elementor-list-item-link-full_width elementor-widget elementor-widget-icon-list\" data-id=\"be4d91d\" data-element_type=\"widget\" data-e-type=\"widget\" data-widget_type=\"icon-list.default\">\n\t\t\t\t<div class=\"elementor-widget-container\">\n\t\t\t\t\t\t\t<ul class=\"elementor-icon-list-items\">\n\t\t\t\t\t\t\t<li class=\"elementor-icon-list-item\">\n\t\t\t\t\t\t\t\t\t\t<span class=\"elementor-icon-list-text\">Nous avons re\u00e7u votre demande et sommes en train d'examiner vos informations. L'un de nos experts prendra contact avec vous dans les plus brefs d\u00e9lais pour vous proposer un devis personnalis\u00e9 et sans engagement, ainsi qu'une consultation individuelle.<\/span>\n\t\t\t\t\t\t\t\t\t<\/li>\n\t\t\t\t\t\t\t\t<li class=\"elementor-icon-list-item\">\n\t\t\t\t\t\t\t\t\t\t\t<span class=\"elementor-icon-list-icon\">\n\t\t\t\t\t\t\t<svg aria-hidden=\"true\" class=\"e-font-icon-svg e-fas-long-arrow-alt-right\" viewbox=\"0 0 448 512\" xmlns=\"http:\/\/www.w3.org\/2000\/svg\"><path d=\"M313.941 216H12c-6.627 0-12 5.373-12 12v56c0 6.627 5.373 12 12 12h301.941v46.059c0 21.382 25.851 32.09 40.971 16.971l86.059-86.059c9.373-9.373 9.373-24.569 0-33.941l-86.059-86.059c-15.119-15.119-40.971-4.411-40.971 16.971V216z\"><\/path><\/svg>\t\t\t\t\t\t<\/span>\n\t\t\t\t\t\t\t\t\t\t<span class=\"elementor-icon-list-text\">Pour parler imm\u00e9diatement \u00e0 un agent de cr\u00e9dit exp\u00e9riment\u00e9, appelez le <a style=\"font-size: 28px !important;color: #81c340\" href=\"tel:(305) 900-2012\">(305) 900-2012<\/a><\/span>\n\t\t\t\t\t\t\t\t\t<\/li>\n\t\t\t\t\t\t\t\t<li class=\"elementor-icon-list-item\">\n\t\t\t\t\t\t\t\t\t\t\t<span class=\"elementor-icon-list-icon\">\n\t\t\t\t\t\t\t<svg aria-hidden=\"true\" class=\"e-font-icon-svg e-fas-long-arrow-alt-right\" viewbox=\"0 0 448 512\" xmlns=\"http:\/\/www.w3.org\/2000\/svg\"><path d=\"M313.941 216H12c-6.627 0-12 5.373-12 12v56c0 6.627 5.373 12 12 12h301.941v46.059c0 21.382 25.851 32.09 40.971 16.971l86.059-86.059c9.373-9.373 9.373-24.569 0-33.941l-86.059-86.059c-15.119-15.119-40.971-4.411-40.971 16.971V216z\"><\/path><\/svg>\t\t\t\t\t\t<\/span>\n\t\t\t\t\t\t\t\t\t\t<span class=\"elementor-icon-list-text\">Nos agents de cr\u00e9dit professionnels sont \u00e0 votre disposition et attendent avec impatience de vous parler !<\/span>\n\t\t\t\t\t\t\t\t\t<\/li>\n\t\t\t\t\t\t<\/ul>\n\t\t\t\t\t\t<\/div>\n\t\t\t\t<\/div>\n\t\t\t\t\t<\/div>\n\t\t<\/div>\n\t\t\t\t\t<\/div>\n\t\t<\/section>\n\t\t\t\t\t<\/div>\n\t\t<\/div>\n\t\t\t\t\t<\/div>\n\t\t<\/section>\n\t\t\t\t<section class=\"elementor-section elementor-top-section elementor-element elementor-element-b84aefc elementor-section-boxed elementor-section-height-default elementor-section-height-default\" data-id=\"b84aefc\" data-element_type=\"section\" data-e-type=\"section\">\n\t\t\t\t\t\t<div class=\"elementor-container elementor-column-gap-default\">\n\t\t\t\t\t<div class=\"elementor-column elementor-col-100 elementor-top-column elementor-element elementor-element-103ccd8\" data-id=\"103ccd8\" data-element_type=\"column\" data-e-type=\"column\">\n\t\t\t<div class=\"elementor-widget-wrap elementor-element-populated\">\n\t\t\t\t\t\t<div class=\"elementor-element elementor-element-38414ed elementor-widget elementor-widget-spacer\" data-id=\"38414ed\" data-element_type=\"widget\" data-e-type=\"widget\" data-widget_type=\"spacer.default\">\n\t\t\t\t<div class=\"elementor-widget-container\">\n\t\t\t\t\t\t\t<div class=\"elementor-spacer\">\n\t\t\t<div class=\"elementor-spacer-inner\"><\/div>\n\t\t<\/div>\n\t\t\t\t\t\t<\/div>\n\t\t\t\t<\/div>\n\t\t\t\t\t<\/div>\n\t\t<\/div>\n\t\t\t\t\t<\/div>\n\t\t<\/section>\n\t\t\t\t<\/div>","protected":false},"excerpt":{"rendered":"<p>Thank You for Contacting The Doce Mortgage Group! We have received your inquiry and are currently reviewing your information. One of our experts will follow up shortly to provide a no obligation, personalized rate quote and one-on-one consultation. To speak with a experienced Loan Officer immediately, call (305) 900-2012 Our Professional Loan Officers Are Standing [&hellip;]<\/p>\n","protected":false},"author":3,"featured_media":0,"parent":0,"menu_order":0,"comment_status":"closed","ping_status":"closed","template":"","meta":{"inline_featured_image":false,"_monsterinsights_skip_tracking":false,"_monsterinsights_sitenote_active":false,"_monsterinsights_sitenote_note":"","_monsterinsights_sitenote_category":0,"_uf_show_specific_survey":0,"_uf_disable_surveys":false,"footnotes":""},"class_list":["post-6956","page","type-page","status-publish","hentry"],"aioseo_notices":[],"aioseo_head":"\n\t\t<!-- All in One SEO Pro 4.9.6.2 - aioseo.com -->\n\t<meta name=\"description\" content=\"Thank You for Contacting The Doce Mortgage Group! We have received your inquiry and are currently reviewing your information. One of our experts will follow up shortly to provide a no obligation, personalized rate quote and one-on-one consultation. To speak with a experienced Loan Officer immediately, call (305) 900-2012 Our Professional Loan Officers Are Standing\" \/>\n\t<meta name=\"robots\" content=\"max-snippet:-1, max-image-preview:large, max-video-preview:-1\" \/>\n\t<meta name=\"msvalidate.01\" content=\"97393A469A1D93D0530868540B2A722C\" \/>\n\t<link rel=\"canonical\" href=\"https:\/\/thedocegroup.com\/fr\/contact-us-thank-you\/\" \/>\n\t<meta name=\"generator\" content=\"All in One SEO Pro (AIOSEO) 4.9.6.2\" \/>\n\n\t\t<meta name=\"google-site-verification\" content=\"ogPQkORuyGEA7lHBymDTpWeOMOtkskHQROUJWsZOwWo\" \/>\n\t\t<meta property=\"og:locale\" content=\"fr_FR\" \/>\n\t\t<meta property=\"og:site_name\" content=\"The Doce Mortgage Group - Your Reliable Partner in Home Ownership\" \/>\n\t\t<meta property=\"og:type\" content=\"article\" \/>\n\t\t<meta property=\"og:title\" content=\"Thank You - The Doce Mortgage Group\" \/>\n\t\t<meta property=\"og:description\" content=\"Thank You for Contacting The Doce Mortgage Group! We have received your inquiry and are currently reviewing your information. One of our experts will follow up shortly to provide a no obligation, personalized rate quote and one-on-one consultation. To speak with a experienced Loan Officer immediately, call (305) 900-2012 Our Professional Loan Officers Are Standing\" \/>\n\t\t<meta property=\"og:url\" content=\"https:\/\/thedocegroup.com\/fr\/contact-us-thank-you\/\" \/>\n\t\t<meta property=\"og:image\" content=\"https:\/\/thedocegroup.com\/wp-content\/uploads\/2021\/09\/Doce-Group-logo.svg\" \/>\n\t\t<meta property=\"og:image:secure_url\" content=\"https:\/\/thedocegroup.com\/wp-content\/uploads\/2021\/09\/Doce-Group-logo.svg\" \/>\n\t\t<meta property=\"article:published_time\" content=\"2025-02-10T13:14:48+00:00\" \/>\n\t\t<meta property=\"article:modified_time\" content=\"2025-10-16T16:11:38+00:00\" \/>\n\t\t<meta property=\"article:publisher\" content=\"https:\/\/www.facebook.com\/mortgagesbyalex\/\" \/>\n\t\t<meta name=\"twitter:card\" content=\"summary_large_image\" \/>\n\t\t<meta name=\"twitter:site\" content=\"@alexdoce\" \/>\n\t\t<meta name=\"twitter:title\" content=\"Thank You - The Doce Mortgage Group\" \/>\n\t\t<meta name=\"twitter:description\" content=\"Thank You for Contacting The Doce Mortgage Group! We have received your inquiry and are currently reviewing your information. One of our experts will follow up shortly to provide a no obligation, personalized rate quote and one-on-one consultation. To speak with a experienced Loan Officer immediately, call (305) 900-2012 Our Professional Loan Officers Are Standing\" \/>\n\t\t<meta name=\"twitter:creator\" content=\"@alexdoce\" \/>\n\t\t<meta name=\"twitter:image\" content=\"https:\/\/thedocegroup.com\/wp-content\/uploads\/2021\/09\/Doce-Group-logo.svg\" \/>\n\t\t<script type=\"application\/ld+json\" class=\"aioseo-schema\">\n\t\t\t{\"@context\":\"https:\\\/\\\/schema.org\",\"@graph\":[{\"@type\":\"BreadcrumbList\",\"@id\":\"https:\\\/\\\/thedocegroup.com\\\/fr\\\/contact-us-thank-you\\\/#breadcrumblist\",\"itemListElement\":[{\"@type\":\"ListItem\",\"@id\":\"https:\\\/\\\/thedocegroup.com\\\/fr#listItem\",\"position\":1,\"name\":\"Home\",\"item\":\"https:\\\/\\\/thedocegroup.com\\\/fr\",\"nextItem\":{\"@type\":\"ListItem\",\"@id\":\"https:\\\/\\\/thedocegroup.com\\\/fr\\\/contact-us-thank-you\\\/#listItem\",\"name\":\"Thank You\"}},{\"@type\":\"ListItem\",\"@id\":\"https:\\\/\\\/thedocegroup.com\\\/fr\\\/contact-us-thank-you\\\/#listItem\",\"position\":2,\"name\":\"Thank You\",\"previousItem\":{\"@type\":\"ListItem\",\"@id\":\"https:\\\/\\\/thedocegroup.com\\\/fr#listItem\",\"name\":\"Home\"}}]},{\"@type\":\"Organization\",\"@id\":\"https:\\\/\\\/thedocegroup.com\\\/fr\\\/#organization\",\"name\":\"The Doce Mortgage Group\",\"description\":\"Your Reliable Partner in Home Ownership\",\"url\":\"https:\\\/\\\/thedocegroup.com\\\/fr\\\/\",\"telephone\":\"+13056613434\",\"foundingDate\":\"1987-11-01\",\"numberOfEmployees\":{\"@type\":\"QuantitativeValue\",\"minValue\":0,\"maxValue\":10},\"logo\":{\"@type\":\"ImageObject\",\"url\":\"https:\\\/\\\/thedocegroup.com\\\/wp-content\\\/uploads\\\/2021\\\/09\\\/Doce-Group-logo.svg\",\"@id\":\"https:\\\/\\\/thedocegroup.com\\\/fr\\\/contact-us-thank-you\\\/#organizationLogo\",\"width\":3111,\"height\":1101},\"image\":{\"@id\":\"https:\\\/\\\/thedocegroup.com\\\/fr\\\/contact-us-thank-you\\\/#organizationLogo\"},\"sameAs\":[\"https:\\\/\\\/www.facebook.com\\\/mortgagesbyalex\\\/\",\"https:\\\/\\\/twitter.com\\\/alexdoce?lang=en\",\"https:\\\/\\\/www.linkedin.com\\\/in\\\/alexdoce\\\/\",\"https:\\\/\\\/www.yelp.com\\\/biz\\\/alex-doce-the-doce-group-fort-lauderdale-4?sort_by=rating_desc\"],\"address\":{\"@id\":\"https:\\\/\\\/thedocegroup.com\\\/fr\\\/#postaladdress\",\"@type\":\"PostalAddress\",\"streetAddress\":\"2708 NE 37th Drive,\",\"postalCode\":\"33308\",\"addressLocality\":\"Fort Lauderdale\",\"addressRegion\":\"Florida\",\"addressCountry\":\"US\"}},{\"@type\":\"WebPage\",\"@id\":\"https:\\\/\\\/thedocegroup.com\\\/fr\\\/contact-us-thank-you\\\/#webpage\",\"url\":\"https:\\\/\\\/thedocegroup.com\\\/fr\\\/contact-us-thank-you\\\/\",\"name\":\"Thank You - The Doce Mortgage Group\",\"description\":\"Thank You for Contacting The Doce Mortgage Group! We have received your inquiry and are currently reviewing your information. One of our experts will follow up shortly to provide a no obligation, personalized rate quote and one-on-one consultation. To speak with a experienced Loan Officer immediately, call (305) 900-2012 Our Professional Loan Officers Are Standing\",\"inLanguage\":\"fr-FR\",\"isPartOf\":{\"@id\":\"https:\\\/\\\/thedocegroup.com\\\/fr\\\/#website\"},\"breadcrumb\":{\"@id\":\"https:\\\/\\\/thedocegroup.com\\\/fr\\\/contact-us-thank-you\\\/#breadcrumblist\"},\"datePublished\":\"2025-02-10T13:14:48+00:00\",\"dateModified\":\"2025-10-16T16:11:38+00:00\"},{\"@type\":\"WebSite\",\"@id\":\"https:\\\/\\\/thedocegroup.com\\\/fr\\\/#website\",\"url\":\"https:\\\/\\\/thedocegroup.com\\\/fr\\\/\",\"name\":\"The Doce Mortgage Group\",\"alternateName\":\"The Doce Mortgage Group\",\"description\":\"Your Reliable Partner in Home Ownership\",\"inLanguage\":\"fr-FR\",\"publisher\":{\"@id\":\"https:\\\/\\\/thedocegroup.com\\\/fr\\\/#organization\"}}]}\n\t\t<\/script>\n\t\t<!-- All in One SEO Pro -->\r\n\t\t<title>Thank You - The Doce Mortgage Group<\/title>\n\n","aioseo_head_json":{"title":"Merci - The Doce Mortgage Group","description":"Merci d'avoir contact\u00e9 The Doce Mortgage Group ! Nous avons re\u00e7u votre demande et sommes en train d'examiner vos informations. L'un de nos experts vous contactera sous peu pour vous fournir un devis personnalis\u00e9 et sans engagement, ainsi qu'une consultation individuelle. Pour parler \u00e0 un agent de cr\u00e9dit exp\u00e9riment\u00e9 imm\u00e9diatement, appelez le (305) 900-2012 Nos agents de cr\u00e9dit professionnels sont \u00e0 votre disposition.","canonical_url":"https:\/\/thedocegroup.com\/fr\/contact-us-thank-you\/","robots":"max-snippet:-1, max-image-preview:large, max-video-preview:-1","keywords":"","webmasterTools":{"msvalidate.01":"97393A469A1D93D0530868540B2A722C","miscellaneous":"&lt;meta name=\"google-site-verification\" content=\"ogPQkORuyGEA7lHBymDTpWeOMOtkskHQROUJWsZOwWo\" \/&gt;"},"schema":{"@context":"https:\/\/schema.org","@graph":[{"@type":"BreadcrumbList","@id":"https:\/\/thedocegroup.com\/fr\/contact-us-thank-you\/#breadcrumblist","itemListElement":[{"@type":"ListItem","@id":"https:\/\/thedocegroup.com\/fr#listItem","position":1,"name":"Home","item":"https:\/\/thedocegroup.com\/fr","nextItem":{"@type":"ListItem","@id":"https:\/\/thedocegroup.com\/fr\/contact-us-thank-you\/#listItem","name":"Thank You"}},{"@type":"ListItem","@id":"https:\/\/thedocegroup.com\/fr\/contact-us-thank-you\/#listItem","position":2,"name":"Thank You","previousItem":{"@type":"ListItem","@id":"https:\/\/thedocegroup.com\/fr#listItem","name":"Home"}}]},{"@type":"Organization","@id":"https:\/\/thedocegroup.com\/fr\/#organization","name":"The Doce Mortgage Group","description":"Your Reliable Partner in Home Ownership","url":"https:\/\/thedocegroup.com\/fr\/","telephone":"+13056613434","foundingDate":"1987-11-01","numberOfEmployees":{"@type":"QuantitativeValue","minValue":0,"maxValue":10},"logo":{"@type":"ImageObject","url":"https:\/\/thedocegroup.com\/wp-content\/uploads\/2021\/09\/Doce-Group-logo.svg","@id":"https:\/\/thedocegroup.com\/fr\/contact-us-thank-you\/#organizationLogo","width":3111,"height":1101},"image":{"@id":"https:\/\/thedocegroup.com\/fr\/contact-us-thank-you\/#organizationLogo"},"sameAs":["https:\/\/www.facebook.com\/mortgagesbyalex\/","https:\/\/twitter.com\/alexdoce?lang=en","https:\/\/www.linkedin.com\/in\/alexdoce\/","https:\/\/www.yelp.com\/biz\/alex-doce-the-doce-group-fort-lauderdale-4?sort_by=rating_desc"],"address":{"@id":"https:\/\/thedocegroup.com\/fr\/#postaladdress","@type":"PostalAddress","streetAddress":"2708 NE 37th Drive,","postalCode":"33308","addressLocality":"Fort Lauderdale","addressRegion":"Florida","addressCountry":"US"}},{"@type":"WebPage","@id":"https:\/\/thedocegroup.com\/fr\/contact-us-thank-you\/#webpage","url":"https:\/\/thedocegroup.com\/fr\/contact-us-thank-you\/","name":"Thank You - The Doce Mortgage Group","description":"Thank You for Contacting The Doce Mortgage Group! We have received your inquiry and are currently reviewing your information. One of our experts will follow up shortly to provide a no obligation, personalized rate quote and one-on-one consultation. To speak with a experienced Loan Officer immediately, call (305) 900-2012 Our Professional Loan Officers Are Standing","inLanguage":"fr-FR","isPartOf":{"@id":"https:\/\/thedocegroup.com\/fr\/#website"},"breadcrumb":{"@id":"https:\/\/thedocegroup.com\/fr\/contact-us-thank-you\/#breadcrumblist"},"datePublished":"2025-02-10T13:14:48+00:00","dateModified":"2025-10-16T16:11:38+00:00"},{"@type":"WebSite","@id":"https:\/\/thedocegroup.com\/fr\/#website","url":"https:\/\/thedocegroup.com\/fr\/","name":"The Doce Mortgage Group","alternateName":"The Doce Mortgage Group","description":"Your Reliable Partner in Home Ownership","inLanguage":"fr-FR","publisher":{"@id":"https:\/\/thedocegroup.com\/fr\/#organization"}}]},"og:locale":"fr_FR","og:site_name":"The Doce Mortgage Group - Your Reliable Partner in Home Ownership","og:type":"article","og:title":"Thank You - The Doce Mortgage Group","og:description":"Thank You for Contacting The Doce Mortgage Group! We have received your inquiry and are currently reviewing your information. One of our experts will follow up shortly to provide a no obligation, personalized rate quote and one-on-one consultation. To speak with a experienced Loan Officer immediately, call (305) 900-2012 Our Professional Loan Officers Are Standing","og:url":"https:\/\/thedocegroup.com\/fr\/contact-us-thank-you\/","og:image":"https:\/\/thedocegroup.com\/wp-content\/uploads\/2021\/09\/Doce-Group-logo.svg","og:image:secure_url":"https:\/\/thedocegroup.com\/wp-content\/uploads\/2021\/09\/Doce-Group-logo.svg","article:published_time":"2025-02-10T13:14:48+00:00","article:modified_time":"2025-10-16T16:11:38+00:00","article:publisher":"https:\/\/www.facebook.com\/mortgagesbyalex\/","twitter:card":"summary_large_image","twitter:site":"@alexdoce","twitter:title":"Thank You - The Doce Mortgage Group","twitter:description":"Thank You for Contacting The Doce Mortgage Group! We have received your inquiry and are currently reviewing your information. One of our experts will follow up shortly to provide a no obligation, personalized rate quote and one-on-one consultation. To speak with a experienced Loan Officer immediately, call (305) 900-2012 Our Professional Loan Officers Are Standing","twitter:creator":"@alexdoce","twitter:image":"https:\/\/thedocegroup.com\/wp-content\/uploads\/2021\/09\/Doce-Group-logo.svg"},"aioseo_meta_data":{"post_id":"6956","title":null,"description":null,"keywords":null,"keyphrases":{"focus":{"keyphrase":"","score":0,"analysis":{"keyphraseInTitle":{"score":0,"maxScore":9,"error":1}}},"additional":[]},"primary_term":null,"canonical_url":null,"og_title":null,"og_description":null,"og_object_type":"default","og_image_type":"default","og_image_url":null,"og_image_width":null,"og_image_height":null,"og_image_custom_url":null,"og_image_custom_fields":null,"og_video":"","og_custom_url":null,"og_article_section":null,"og_article_tags":null,"twitter_use_og":false,"twitter_card":"default","twitter_image_type":"default","twitter_image_url":null,"twitter_image_custom_url":null,"twitter_image_custom_fields":null,"twitter_title":null,"twitter_description":null,"schema":{"blockGraphs":[],"customGraphs":[],"default":{"data":{"Article":[],"Course":[],"Dataset":[],"FAQPage":[],"Movie":[],"Person":[],"Product":[],"ProductReview":[],"Car":[],"Recipe":[],"Service":[],"SoftwareApplication":[],"WebPage":[]},"graphName":"WebPage","isEnabled":true},"graphs":[]},"schema_type":"default","schema_type_options":null,"pillar_content":false,"robots_default":true,"robots_noindex":false,"robots_noarchive":false,"robots_nosnippet":false,"robots_nofollow":false,"robots_noimageindex":false,"robots_noodp":false,"robots_notranslate":false,"robots_max_snippet":"-1","robots_max_videopreview":"-1","robots_max_imagepreview":"large","priority":null,"frequency":"default","local_seo":null,"seo_analyzer_scan_date":"2026-04-30 15:38:13","breadcrumb_settings":null,"limit_modified_date":false,"reviewed_by":null,"open_ai":"{\"title\":{\"suggestions\":[],\"usage\":0},\"description\":{\"suggestions\":[],\"usage\":0}}","ai":null,"created":"2025-02-10 13:12:35","updated":"2026-04-30 15:38:13"},"aioseo_breadcrumb":"<div class=\"aioseo-breadcrumbs\"><span class=\"aioseo-breadcrumb\">\n\t<a href=\"https:\/\/thedocegroup.com\/fr\" title=\"Home\">Home<\/a>\n<\/span><span class=\"aioseo-breadcrumb-separator\">\u00bb<\/span><span class=\"aioseo-breadcrumb\">\n\tThank You\n<\/span><\/div>","aioseo_breadcrumb_json":[{"label":"Home","link":"https:\/\/thedocegroup.com\/fr"},{"label":"Thank You","link":"https:\/\/thedocegroup.com\/fr\/contact-us-thank-you\/"}],"_links":{"self":[{"href":"https:\/\/thedocegroup.com\/fr\/wp-json\/wp\/v2\/pages\/6956","targetHints":{"allow":["GET"]}}],"collection":[{"href":"https:\/\/thedocegroup.com\/fr\/wp-json\/wp\/v2\/pages"}],"about":[{"href":"https:\/\/thedocegroup.com\/fr\/wp-json\/wp\/v2\/types\/page"}],"author":[{"embeddable":true,"href":"https:\/\/thedocegroup.com\/fr\/wp-json\/wp\/v2\/users\/3"}],"replies":[{"embeddable":true,"href":"https:\/\/thedocegroup.com\/fr\/wp-json\/wp\/v2\/comments?post=6956"}],"version-history":[{"count":0,"href":"https:\/\/thedocegroup.com\/fr\/wp-json\/wp\/v2\/pages\/6956\/revisions"}],"wp:attachment":[{"href":"https:\/\/thedocegroup.com\/fr\/wp-json\/wp\/v2\/media?parent=6956"}],"curies":[{"name":"wp","href":"https:\/\/api.w.org\/{rel}","templated":true}]}}