{"id":1507,"date":"2021-09-26T09:26:58","date_gmt":"2021-09-26T09:26:58","guid":{"rendered":"https:\/\/thedolcegroup.wpenginepowered.com\/?page_id=1507"},"modified":"2025-10-30T16:55:08","modified_gmt":"2025-10-30T16:55:08","slug":"calculadora-de-pagamentos","status":"publish","type":"page","link":"https:\/\/thedocegroup.com\/pt\/payment-calculator\/","title":{"rendered":"Calculadora de pagamento"},"content":{"rendered":"<div data-elementor-type=\"wp-page\" data-elementor-id=\"1507\" class=\"elementor elementor-1507\" data-elementor-post-type=\"page\">\n\t\t\t\t\t\t<section class=\"elementor-section elementor-top-section elementor-element elementor-element-063ef76 elementor-section-full_width elementor-section-height-default elementor-section-height-default\" data-id=\"063ef76\" data-element_type=\"section\" data-e-type=\"section\" data-settings=\"{&quot;background_background&quot;:&quot;classic&quot;}\">\n\t\t\t\t\t\t<div class=\"elementor-container elementor-column-gap-default\">\n\t\t\t\t\t<div class=\"elementor-column elementor-col-100 elementor-top-column elementor-element elementor-element-394a0f4\" data-id=\"394a0f4\" data-element_type=\"column\" data-e-type=\"column\">\n\t\t\t<div class=\"elementor-widget-wrap elementor-element-populated\">\n\t\t\t\t\t\t<div class=\"elementor-element elementor-element-b15c951 elementor-widget__width-inherit elementor-widget elementor-widget-heading\" data-id=\"b15c951\" data-element_type=\"widget\" data-e-type=\"widget\" data-widget_type=\"heading.default\">\n\t\t\t\t<div class=\"elementor-widget-container\">\n\t\t\t\t\t<h1 class=\"elementor-heading-title elementor-size-default\">Calculadora de pagamento<\/h1>\t\t\t\t<\/div>\n\t\t\t\t<\/div>\n\t\t\t\t\t<\/div>\n\t\t<\/div>\n\t\t\t\t\t<\/div>\n\t\t<\/section>\n\t\t\t\t<div class=\"elementor-section elementor-top-section elementor-element elementor-element-445bfa8 elementor-section-full_width elementor-section-height-default elementor-section-height-default\" data-id=\"445bfa8\" data-element_type=\"section\" data-e-type=\"section\">\n\t\t\t\t\t\t<div class=\"elementor-container elementor-column-gap-no\">\n\t\t\t\t\t<div class=\"elementor-column elementor-col-100 elementor-top-column elementor-element elementor-element-bfdbd57\" data-id=\"bfdbd57\" data-element_type=\"column\" data-e-type=\"column\">\n\t\t\t<div class=\"elementor-widget-wrap elementor-element-populated\">\n\t\t\t\t\t\t<div class=\"elementor-element elementor-element-7129a3e elementor-widget elementor-widget-html\" data-id=\"7129a3e\" data-element_type=\"widget\" data-e-type=\"widget\" data-widget_type=\"html.default\">\n\t\t\t\t<div class=\"elementor-widget-container\">\n\t\t\t\t\t<iframe class=\"cal_iframe lp-supercalc\" style=\"display: block; width: 100%; text-align: justify !important; transition: all 0s ease 0s; height: 2743px;\" src=\"https:\/\/thedocegroup.supercalc.io\" width=\"300\" height=\"300\" scrolling=\"yes\" frameborder=\"0\" data-src=\"https:\/\/thedocegroup.supercalc.io\" data-userway-s19-styled=\"true\" data-text-align-feature-value=\"4\" data-done=\"Loaded\"><\/iframe>\t\t\t\t<\/div>\n\t\t\t\t<\/div>\n\t\t\t\t\t<\/div>\n\t\t<\/div>\n\t\t\t\t\t<\/div>\n\t\t<\/div>\n\t\t\t\t<\/div>","protected":false},"excerpt":{"rendered":"<p>Calculadora de pagamento<\/p>","protected":false},"author":3,"featured_media":1627,"parent":0,"menu_order":0,"comment_status":"closed","ping_status":"closed","template":"elementor_header_footer","meta":{"inline_featured_image":false,"_monsterinsights_skip_tracking":false,"_monsterinsights_sitenote_active":false,"_monsterinsights_sitenote_note":"","_monsterinsights_sitenote_category":0,"_uf_show_specific_survey":0,"_uf_disable_surveys":false,"footnotes":""},"class_list":["post-1507","page","type-page","status-publish","has-post-thumbnail","hentry"],"aioseo_notices":[],"aioseo_head":"\n\t\t<!-- All in One SEO Pro 4.9.6.2 - aioseo.com -->\n\t<meta name=\"description\" content=\"Plan your finances with The Doce Group&#039;s Payment Calculator. Easily calculate payments with accuracy and convenience for better financial planning.\" \/>\n\t<meta name=\"robots\" content=\"max-snippet:-1, max-image-preview:large, max-video-preview:-1\" \/>\n\t<meta name=\"msvalidate.01\" content=\"97393A469A1D93D0530868540B2A722C\" \/>\n\t<link rel=\"canonical\" href=\"https:\/\/thedocegroup.com\/pt\/payment-calculator\/\" \/>\n\t<meta name=\"generator\" content=\"All in One SEO Pro (AIOSEO) 4.9.6.2\" \/>\n\n\t\t<meta name=\"google-site-verification\" content=\"ogPQkORuyGEA7lHBymDTpWeOMOtkskHQROUJWsZOwWo\" \/>\n\t\t<meta property=\"og:locale\" content=\"pt_BR\" \/>\n\t\t<meta property=\"og:site_name\" content=\"The Doce Mortgage Group - Your Reliable Partner in Home Ownership\" \/>\n\t\t<meta property=\"og:type\" content=\"article\" \/>\n\t\t<meta property=\"og:title\" content=\"Payment Calculator | The Doce Mortgage Group\" \/>\n\t\t<meta property=\"og:description\" content=\"Plan your finances with The Doce Group&#039;s Payment Calculator. Easily calculate payments with accuracy and convenience for better financial planning.\" \/>\n\t\t<meta property=\"og:url\" content=\"https:\/\/thedocegroup.com\/pt\/payment-calculator\/\" \/>\n\t\t<meta property=\"og:image\" content=\"https:\/\/thedocegroup.com\/wp-content\/uploads\/2021\/09\/bg-2-1.jpg\" \/>\n\t\t<meta property=\"og:image:secure_url\" content=\"https:\/\/thedocegroup.com\/wp-content\/uploads\/2021\/09\/bg-2-1.jpg\" \/>\n\t\t<meta property=\"og:image:width\" content=\"1920\" \/>\n\t\t<meta property=\"og:image:height\" content=\"1000\" \/>\n\t\t<meta property=\"article:published_time\" content=\"2021-09-26T09:26:58+00:00\" \/>\n\t\t<meta property=\"article:modified_time\" content=\"2025-10-30T16:55:08+00:00\" \/>\n\t\t<meta property=\"article:publisher\" content=\"https:\/\/www.facebook.com\/mortgagesbyalex\/\" \/>\n\t\t<meta name=\"twitter:card\" content=\"summary_large_image\" \/>\n\t\t<meta name=\"twitter:site\" content=\"@alexdoce\" \/>\n\t\t<meta name=\"twitter:title\" content=\"Payment Calculator | The Doce Mortgage Group\" \/>\n\t\t<meta name=\"twitter:description\" content=\"Plan your finances with The Doce Group&#039;s Payment Calculator. Easily calculate payments with accuracy and convenience for better financial planning.\" \/>\n\t\t<meta name=\"twitter:creator\" content=\"@alexdoce\" \/>\n\t\t<meta name=\"twitter:image\" content=\"https:\/\/thedocegroup.com\/wp-content\/uploads\/2021\/09\/bg-2-1.jpg\" \/>\n\t\t<script type=\"application\/ld+json\" class=\"aioseo-schema\">\n\t\t\t{\"@context\":\"https:\\\/\\\/schema.org\",\"@graph\":[{\"@type\":\"BreadcrumbList\",\"@id\":\"https:\\\/\\\/thedocegroup.com\\\/pt\\\/payment-calculator\\\/#breadcrumblist\",\"itemListElement\":[{\"@type\":\"ListItem\",\"@id\":\"https:\\\/\\\/thedocegroup.com\\\/pt#listItem\",\"position\":1,\"name\":\"Home\",\"item\":\"https:\\\/\\\/thedocegroup.com\\\/pt\",\"nextItem\":{\"@type\":\"ListItem\",\"@id\":\"https:\\\/\\\/thedocegroup.com\\\/pt\\\/payment-calculator\\\/#listItem\",\"name\":\"Payment Calculator\"}},{\"@type\":\"ListItem\",\"@id\":\"https:\\\/\\\/thedocegroup.com\\\/pt\\\/payment-calculator\\\/#listItem\",\"position\":2,\"name\":\"Payment Calculator\",\"previousItem\":{\"@type\":\"ListItem\",\"@id\":\"https:\\\/\\\/thedocegroup.com\\\/pt#listItem\",\"name\":\"Home\"}}]},{\"@type\":\"Organization\",\"@id\":\"https:\\\/\\\/thedocegroup.com\\\/pt\\\/#organization\",\"name\":\"The Doce Mortgage Group\",\"description\":\"Your Reliable Partner in Home Ownership\",\"url\":\"https:\\\/\\\/thedocegroup.com\\\/pt\\\/\",\"telephone\":\"+13056613434\",\"foundingDate\":\"1987-11-01\",\"numberOfEmployees\":{\"@type\":\"QuantitativeValue\",\"minValue\":0,\"maxValue\":10},\"logo\":{\"@type\":\"ImageObject\",\"url\":\"https:\\\/\\\/thedocegroup.com\\\/wp-content\\\/uploads\\\/2021\\\/09\\\/Doce-Group-logo.svg\",\"@id\":\"https:\\\/\\\/thedocegroup.com\\\/pt\\\/payment-calculator\\\/#organizationLogo\",\"width\":3111,\"height\":1101},\"image\":{\"@id\":\"https:\\\/\\\/thedocegroup.com\\\/pt\\\/payment-calculator\\\/#organizationLogo\"},\"sameAs\":[\"https:\\\/\\\/www.facebook.com\\\/mortgagesbyalex\\\/\",\"https:\\\/\\\/twitter.com\\\/alexdoce?lang=en\",\"https:\\\/\\\/www.linkedin.com\\\/in\\\/alexdoce\\\/\",\"https:\\\/\\\/www.yelp.com\\\/biz\\\/alex-doce-the-doce-group-fort-lauderdale-4?sort_by=rating_desc\"],\"address\":{\"@id\":\"https:\\\/\\\/thedocegroup.com\\\/pt\\\/#postaladdress\",\"@type\":\"PostalAddress\",\"streetAddress\":\"2708 NE 37th Drive,\",\"postalCode\":\"33308\",\"addressLocality\":\"Fort Lauderdale\",\"addressRegion\":\"Florida\",\"addressCountry\":\"US\"}},{\"@type\":\"WebPage\",\"@id\":\"https:\\\/\\\/thedocegroup.com\\\/pt\\\/payment-calculator\\\/#webpage\",\"url\":\"https:\\\/\\\/thedocegroup.com\\\/pt\\\/payment-calculator\\\/\",\"name\":\"Payment Calculator | The Doce Mortgage Group\",\"description\":\"Plan your finances with The Doce Group's Payment Calculator. Easily calculate payments with accuracy and convenience for better financial planning.\",\"inLanguage\":\"pt-BR\",\"isPartOf\":{\"@id\":\"https:\\\/\\\/thedocegroup.com\\\/pt\\\/#website\"},\"breadcrumb\":{\"@id\":\"https:\\\/\\\/thedocegroup.com\\\/pt\\\/payment-calculator\\\/#breadcrumblist\"},\"image\":{\"@type\":\"ImageObject\",\"url\":\"https:\\\/\\\/thedocegroup.com\\\/wp-content\\\/uploads\\\/2021\\\/09\\\/bg-2-1.jpg\",\"@id\":\"https:\\\/\\\/thedocegroup.com\\\/pt\\\/payment-calculator\\\/#mainImage\",\"width\":1920,\"height\":1000},\"primaryImageOfPage\":{\"@id\":\"https:\\\/\\\/thedocegroup.com\\\/pt\\\/payment-calculator\\\/#mainImage\"},\"datePublished\":\"2021-09-26T09:26:58+00:00\",\"dateModified\":\"2025-10-30T16:55:08+00:00\"},{\"@type\":\"WebSite\",\"@id\":\"https:\\\/\\\/thedocegroup.com\\\/pt\\\/#website\",\"url\":\"https:\\\/\\\/thedocegroup.com\\\/pt\\\/\",\"name\":\"The Doce Mortgage Group\",\"alternateName\":\"The Doce Mortgage Group\",\"description\":\"Your Reliable Partner in Home Ownership\",\"inLanguage\":\"pt-BR\",\"publisher\":{\"@id\":\"https:\\\/\\\/thedocegroup.com\\\/pt\\\/#organization\"}}]}\n\t\t<\/script>\n\t\t<!-- All in One SEO Pro -->\r\n\t\t<title>Payment Calculator | The Doce Mortgage Group<\/title>\n\n","aioseo_head_json":{"title":"Calculadora de pagamentos | The Doce Mortgage Group","description":"Planeje suas finan\u00e7as com a Calculadora de Pagamentos do The Doce Group. Calcule facilmente os pagamentos com precis\u00e3o e conveni\u00eancia para um melhor planejamento financeiro.","canonical_url":"https:\/\/thedocegroup.com\/pt\/payment-calculator\/","robots":"max-snippet:-1, max-image-preview:large, max-video-preview:-1","keywords":"","webmasterTools":{"msvalidate.01":"97393A469A1D93D0530868540B2A722C","miscellaneous":"&lt;meta name=\"google-site-verification\" content=\"ogPQkORuyGEA7lHBymDTpWeOMOtkskHQROUJWsZOwWo\" \/&gt;"},"schema":{"@context":"https:\/\/schema.org","@graph":[{"@type":"BreadcrumbList","@id":"https:\/\/thedocegroup.com\/pt\/payment-calculator\/#breadcrumblist","itemListElement":[{"@type":"ListItem","@id":"https:\/\/thedocegroup.com\/pt#listItem","position":1,"name":"Home","item":"https:\/\/thedocegroup.com\/pt","nextItem":{"@type":"ListItem","@id":"https:\/\/thedocegroup.com\/pt\/payment-calculator\/#listItem","name":"Payment Calculator"}},{"@type":"ListItem","@id":"https:\/\/thedocegroup.com\/pt\/payment-calculator\/#listItem","position":2,"name":"Payment Calculator","previousItem":{"@type":"ListItem","@id":"https:\/\/thedocegroup.com\/pt#listItem","name":"Home"}}]},{"@type":"Organization","@id":"https:\/\/thedocegroup.com\/pt\/#organization","name":"The Doce Mortgage Group","description":"Your Reliable Partner in Home Ownership","url":"https:\/\/thedocegroup.com\/pt\/","telephone":"+13056613434","foundingDate":"1987-11-01","numberOfEmployees":{"@type":"QuantitativeValue","minValue":0,"maxValue":10},"logo":{"@type":"ImageObject","url":"https:\/\/thedocegroup.com\/wp-content\/uploads\/2021\/09\/Doce-Group-logo.svg","@id":"https:\/\/thedocegroup.com\/pt\/payment-calculator\/#organizationLogo","width":3111,"height":1101},"image":{"@id":"https:\/\/thedocegroup.com\/pt\/payment-calculator\/#organizationLogo"},"sameAs":["https:\/\/www.facebook.com\/mortgagesbyalex\/","https:\/\/twitter.com\/alexdoce?lang=en","https:\/\/www.linkedin.com\/in\/alexdoce\/","https:\/\/www.yelp.com\/biz\/alex-doce-the-doce-group-fort-lauderdale-4?sort_by=rating_desc"],"address":{"@id":"https:\/\/thedocegroup.com\/pt\/#postaladdress","@type":"PostalAddress","streetAddress":"2708 NE 37th Drive,","postalCode":"33308","addressLocality":"Fort Lauderdale","addressRegion":"Florida","addressCountry":"US"}},{"@type":"WebPage","@id":"https:\/\/thedocegroup.com\/pt\/payment-calculator\/#webpage","url":"https:\/\/thedocegroup.com\/pt\/payment-calculator\/","name":"Payment Calculator | The Doce Mortgage Group","description":"Plan your finances with The Doce Group's Payment Calculator. Easily calculate payments with accuracy and convenience for better financial planning.","inLanguage":"pt-BR","isPartOf":{"@id":"https:\/\/thedocegroup.com\/pt\/#website"},"breadcrumb":{"@id":"https:\/\/thedocegroup.com\/pt\/payment-calculator\/#breadcrumblist"},"image":{"@type":"ImageObject","url":"https:\/\/thedocegroup.com\/wp-content\/uploads\/2021\/09\/bg-2-1.jpg","@id":"https:\/\/thedocegroup.com\/pt\/payment-calculator\/#mainImage","width":1920,"height":1000},"primaryImageOfPage":{"@id":"https:\/\/thedocegroup.com\/pt\/payment-calculator\/#mainImage"},"datePublished":"2021-09-26T09:26:58+00:00","dateModified":"2025-10-30T16:55:08+00:00"},{"@type":"WebSite","@id":"https:\/\/thedocegroup.com\/pt\/#website","url":"https:\/\/thedocegroup.com\/pt\/","name":"The Doce Mortgage Group","alternateName":"The Doce Mortgage Group","description":"Your Reliable Partner in Home Ownership","inLanguage":"pt-BR","publisher":{"@id":"https:\/\/thedocegroup.com\/pt\/#organization"}}]},"og:locale":"pt_BR","og:site_name":"The Doce Mortgage Group - Your Reliable Partner in Home Ownership","og:type":"article","og:title":"Payment Calculator | The Doce Mortgage Group","og:description":"Plan your finances with The Doce Group's Payment Calculator. Easily calculate payments with accuracy and convenience for better financial planning.","og:url":"https:\/\/thedocegroup.com\/pt\/payment-calculator\/","og:image":"https:\/\/thedocegroup.com\/wp-content\/uploads\/2021\/09\/bg-2-1.jpg","og:image:secure_url":"https:\/\/thedocegroup.com\/wp-content\/uploads\/2021\/09\/bg-2-1.jpg","og:image:width":1920,"og:image:height":1000,"article:published_time":"2021-09-26T09:26:58+00:00","article:modified_time":"2025-10-30T16:55:08+00:00","article:publisher":"https:\/\/www.facebook.com\/mortgagesbyalex\/","twitter:card":"summary_large_image","twitter:site":"@alexdoce","twitter:title":"Payment Calculator | The Doce Mortgage Group","twitter:description":"Plan your finances with The Doce Group's Payment Calculator. Easily calculate payments with accuracy and convenience for better financial planning.","twitter:creator":"@alexdoce","twitter:image":"https:\/\/thedocegroup.com\/wp-content\/uploads\/2021\/09\/bg-2-1.jpg"},"aioseo_meta_data":{"post_id":"1507","title":"Calculadora de pagamentos | The Doce Mortgage Group","description":"Planeje suas finan\u00e7as com a Calculadora de Pagamentos do The Doce Group. Calcule facilmente os pagamentos com precis\u00e3o e conveni\u00eancia para um melhor planejamento financeiro.","keywords":null,"keyphrases":{"focus":{"keyphrase":"Payment Calculator","score":70,"analysis":{"keyphraseInTitle":{"score":9,"maxScore":9,"error":0},"keyphraseInDescription":{"score":9,"maxScore":9,"error":0},"keyphraseLength":{"score":9,"maxScore":9,"error":0,"length":2},"keyphraseInURL":{"score":5,"maxScore":5,"error":0},"keyphraseInIntroduction":{"score":3,"maxScore":9,"error":1},"keyphraseInSubHeadings":[],"keyphraseInImageAlt":[],"keywordDensity":{"type":"high","score":0,"maxScore":9,"error":1}}},"additional":[{"keyphrase":"mortgage Payment Calculator","score":42,"analysis":{"keyphraseInDescription":{"score":3,"maxScore":9,"error":1},"keyphraseLength":{"score":9,"maxScore":9,"error":0,"length":3},"keyphraseInIntroduction":{"score":3,"maxScore":9,"error":1},"keyphraseInImageAlt":[],"keywordDensity":{"score":0,"type":"low","maxScore":9,"error":1}}},{"keyphrase":"payment calculator for mortgage","score":42,"analysis":{"keyphraseInDescription":{"score":3,"maxScore":9,"error":1},"keyphraseLength":{"score":9,"maxScore":9,"error":0,"length":4},"keyphraseInIntroduction":{"score":3,"maxScore":9,"error":1},"keyphraseInImageAlt":[],"keywordDensity":{"score":0,"type":"low","maxScore":9,"error":1}}},{"keyphrase":"payment calculator for heloc","score":42,"analysis":{"keyphraseInDescription":{"score":3,"maxScore":9,"error":1},"keyphraseLength":{"score":9,"maxScore":9,"error":0,"length":4},"keyphraseInIntroduction":{"score":3,"maxScore":9,"error":1},"keyphraseInImageAlt":[],"keywordDensity":{"score":0,"type":"low","maxScore":9,"error":1}}},{"keyphrase":"PITI payment calculator","score":42,"analysis":{"keyphraseInDescription":{"score":3,"maxScore":9,"error":1},"keyphraseLength":{"score":9,"maxScore":9,"error":0,"length":3},"keyphraseInIntroduction":{"score":3,"maxScore":9,"error":1},"keyphraseInImageAlt":[],"keywordDensity":{"score":0,"type":"low","maxScore":9,"error":1}}},{"keyphrase":"PRINCIPAL AND INTEREST payment calculator","score":33,"analysis":{"keyphraseInDescription":{"score":3,"maxScore":9,"error":1},"keyphraseLength":{"score":6,"maxScore":9,"error":1,"length":5},"keyphraseInIntroduction":{"score":3,"maxScore":9,"error":1},"keyphraseInImageAlt":[],"keywordDensity":{"score":0,"type":"low","maxScore":9,"error":1}}},{"keyphrase":"florida payment calculator","score":42,"analysis":{"keyphraseInDescription":{"score":3,"maxScore":9,"error":1},"keyphraseLength":{"score":9,"maxScore":9,"error":0,"length":3},"keyphraseInIntroduction":{"score":3,"maxScore":9,"error":1},"keyphraseInImageAlt":[],"keywordDensity":{"score":0,"type":"low","maxScore":9,"error":1}}},{"keyphrase":"florida mortgage payment calculator","score":42,"analysis":{"keyphraseInDescription":{"score":3,"maxScore":9,"error":1},"keyphraseLength":{"score":9,"maxScore":9,"error":0,"length":4},"keyphraseInIntroduction":{"score":3,"maxScore":9,"error":1},"keyphraseInImageAlt":[],"keywordDensity":{"score":0,"type":"low","maxScore":9,"error":1}}}]},"primary_term":null,"canonical_url":null,"og_title":null,"og_description":null,"og_object_type":"default","og_image_type":"default","og_image_url":null,"og_image_width":null,"og_image_height":null,"og_image_custom_url":null,"og_image_custom_fields":null,"og_video":"","og_custom_url":null,"og_article_section":null,"og_article_tags":null,"twitter_use_og":false,"twitter_card":"default","twitter_image_type":"default","twitter_image_url":null,"twitter_image_custom_url":null,"twitter_image_custom_fields":null,"twitter_title":null,"twitter_description":null,"schema":{"blockGraphs":[],"customGraphs":[],"default":{"data":{"Article":[],"Course":[],"Dataset":[],"FAQPage":[],"Movie":[],"Person":[],"Product":[],"ProductReview":[],"Car":[],"Recipe":[],"Service":[],"SoftwareApplication":[],"WebPage":[]},"graphName":"WebPage","isEnabled":true},"graphs":[]},"schema_type":"default","schema_type_options":null,"pillar_content":false,"robots_default":true,"robots_noindex":false,"robots_noarchive":false,"robots_nosnippet":false,"robots_nofollow":false,"robots_noimageindex":false,"robots_noodp":false,"robots_notranslate":false,"robots_max_snippet":"-1","robots_max_videopreview":"-1","robots_max_imagepreview":"large","priority":null,"frequency":"default","local_seo":null,"seo_analyzer_scan_date":"2026-05-03 21:53:49","breadcrumb_settings":null,"limit_modified_date":false,"reviewed_by":"0","open_ai":"{\"title\":{\"suggestions\":[],\"usage\":0},\"description\":{\"suggestions\":[],\"usage\":0}}","ai":{"faqs":[],"keyPoints":[],"titles":[],"descriptions":[],"socialPosts":{"email":[],"linkedin":[],"twitter":[],"facebook":[],"instagram":[]}},"created":"2024-01-27 14:50:56","updated":"2026-05-03 21:53:49"},"aioseo_breadcrumb":"<div class=\"aioseo-breadcrumbs\"><span class=\"aioseo-breadcrumb\">\n\t<a href=\"https:\/\/thedocegroup.com\/pt\" title=\"Home\">Home<\/a>\n<\/span><span class=\"aioseo-breadcrumb-separator\">\u00bb<\/span><span class=\"aioseo-breadcrumb\">\n\tPayment Calculator\n<\/span><\/div>","aioseo_breadcrumb_json":[{"label":"Home","link":"https:\/\/thedocegroup.com\/pt"},{"label":"Payment Calculator","link":"https:\/\/thedocegroup.com\/pt\/payment-calculator\/"}],"_links":{"self":[{"href":"https:\/\/thedocegroup.com\/pt\/wp-json\/wp\/v2\/pages\/1507","targetHints":{"allow":["GET"]}}],"collection":[{"href":"https:\/\/thedocegroup.com\/pt\/wp-json\/wp\/v2\/pages"}],"about":[{"href":"https:\/\/thedocegroup.com\/pt\/wp-json\/wp\/v2\/types\/page"}],"author":[{"embeddable":true,"href":"https:\/\/thedocegroup.com\/pt\/wp-json\/wp\/v2\/users\/3"}],"replies":[{"embeddable":true,"href":"https:\/\/thedocegroup.com\/pt\/wp-json\/wp\/v2\/comments?post=1507"}],"version-history":[{"count":0,"href":"https:\/\/thedocegroup.com\/pt\/wp-json\/wp\/v2\/pages\/1507\/revisions"}],"wp:featuredmedia":[{"embeddable":true,"href":"https:\/\/thedocegroup.com\/pt\/wp-json\/wp\/v2\/media\/1627"}],"wp:attachment":[{"href":"https:\/\/thedocegroup.com\/pt\/wp-json\/wp\/v2\/media?parent=1507"}],"curies":[{"name":"wp","href":"https:\/\/api.w.org\/{rel}","templated":true}]}}